{"id":30,"date":"2020-06-20T15:04:33","date_gmt":"2020-06-20T13:04:33","guid":{"rendered":"http:\/\/atelier-bentz.fr\/?page_id=30"},"modified":"2022-01-26T11:16:02","modified_gmt":"2022-01-26T10:16:02","slug":"la-municipalite","status":"publish","type":"page","link":"https:\/\/atelier-bentz.fr\/?page_id=30","title":{"rendered":"La Municipalit\u00e9"},"content":{"rendered":"\n<p>La municipalit\u00e9 est compos\u00e9e des personnes qui administrent une commune. Elle comprend le Maire, les Adjoints et les \u00c9lus D\u00e9l\u00e9gu\u00e9s.<\/p>\n\n\n\n<figure class=\"wp-block-table\"><table><thead><tr><th><strong>Fonction<br>Nom<\/strong><\/th><th><\/th><th>Attributions<\/th><\/tr><\/thead><tbody><tr><td>Le Maire<br>Thierry BENTZ<\/td><td><\/td><td>&#8211; Conseil Municipal<br>&#8211; R\u00e8glements et arr\u00eat\u00e9s municipaux<br>&#8211; Affaires \u00e9conomiques et politiques<br>&#8211; Acquisitions immobili\u00e8res<br>&#8211; Plan d&rsquo;urbanisme intercommunal<br>&#8211; Grands travaux<br>&#8211; Adjudications et march\u00e9s<br>&#8211; Contentieux et relations publiques<br>&#8211; Communication &#8211; Relations avec la presse.<\/td><\/tr><tr><td>1er Adjoint<br>Bruno MALLEVAEY<\/td><td><\/td><td>&#8211; Administration g\u00e9n\u00e9rale en l&rsquo;absence du Maire<br>&#8211; \u00c9tat civil, l\u00e9galisation, notifications diverses<br>&#8211; Finances (comptabilit\u00e9 communale et budgets)<br>&#8211; Bulletin municipal<br>&#8211; Gestion administrative des centres de loisirs<br>&#8211; Signatures de toutes pi\u00e8ces comptables et correspondances en l&rsquo;absence du Maire.<\/td><\/tr><tr><td>2\u00e8me Adjointe<br>Marie-France DIDRY<\/td><td><\/td><td>&#8211; Affaires sociales &#8211; Secours divers &#8211; Logement<br>&#8211; Travailleurs sans emploi<br>&#8211; Gestion des contrats d&rsquo;insertion (recrutement et suivi)<br>&#8211; Gestion des agents intervenant pour l&rsquo;entretien m\u00e9nager des locaux communaux<br>&#8211; D\u00e9veloppement des actions en faveur des personnes \u00e2g\u00e9es<br>&#8211; Signature de toutes pi\u00e8ces comptables et financi\u00e8res en l&rsquo;absence du Maire et du 1er Adjoint.<\/td><\/tr><tr><td>3\u00e8me Adjoint<br>Dominique DESCAMPS<\/td><td><\/td><td>&#8211; Commission municipale des f\u00eates<br>&#8211; C\u00e9r\u00e9monies officielles et r\u00e9ceptions<br>&#8211; Animations diverses n&rsquo;entrant pas dans le cadre du comit\u00e9 des f\u00eates<br>&#8211; Gestion des \u00e9quipements sportifs (salle de sports et terrains de sports)<br>&#8211; Organisation de l&rsquo;\u00e9v\u00e8nementiel intercommunal.<\/td><\/tr><tr><td>4\u00e8me Adjointe<br>Dominique TREUNET<\/td><td><\/td><td>&#8211; Enseignement &#8211; Relation avec les \u00e9tablissements scolaires<br>&#8211; Jeunesse, organisation des centres de loisirs<br>&#8211; Sant\u00e9, s\u00e9curit\u00e9, environnement.<\/td><\/tr><tr><td>5\u00e8me Adjoint<br>Patrick DE BOCK<\/td><td><\/td><td>&#8211; Urbanisme (Certificats d&rsquo;urbanisme &#8211; Accompagnement pour les autorisations pr\u00e9alables et permis de construire)<br>&#8211; D\u00e9fense incendie (maintien et extension de la DECI)<br>&#8211; R\u00e9seaux (eau potable &#8211; eaux pluviales et eaux us\u00e9es &#8211; \u00e9lectricit\u00e9 et t\u00e9l\u00e9communication).<\/td><\/tr><tr><td>Conseill\u00e8re d\u00e9l\u00e9gu\u00e9e<br>Florence ROSE<\/td><td><\/td><td>&#8211; Gestion de la biblioth\u00e8que municipale<\/td><\/tr><tr><td>Conseill\u00e8re d\u00e9l\u00e9gu\u00e9e<br>Michelle VACHE<\/td><td><\/td><td>&#8211; Politique d&rsquo;animations culturelles (en collaboration avec la commission des f\u00eates)<br>&#8211; Mise en valeur du patrimoine et entretien des chemins de randonn\u00e9e<\/td><\/tr><tr><td>Conseiller d\u00e9l\u00e9gu\u00e9<br>Alain DOUCHIN<\/td><td><\/td><td>&#8211; Entretien des voiries communales (surveillance et programmation des r\u00e9fections)<br>&#8211; Am\u00e9nagements de s\u00e9curit\u00e9<br>&#8211; \u00c9laboration des itin\u00e9raires de d\u00e9viation<\/td><\/tr><tr><td>Conseiller d\u00e9l\u00e9gu\u00e9 <br>Jean Pierre FORTIN<\/td><td><\/td><td>&#8211; Entretien des b\u00e2timents (surveillance, programmation et suivi des r\u00e9fections)<br>&#8211; Am\u00e9nagements concernant l&rsquo;accessibilit\u00e9 <br>&#8211; Identification des am\u00e9liorations en mati\u00e8re de performance \u00e9nerg\u00e9tique<\/td><\/tr><\/tbody><\/table><\/figure>\n","protected":false},"excerpt":{"rendered":"<p>La municipalit\u00e9 est compos\u00e9e des personnes qui administrent une commune. Elle comprend le Maire, les Adjoints et les \u00c9lus D\u00e9l\u00e9gu\u00e9s. FonctionNom Attributions Le MaireThierry BENTZ &#8211; Conseil Municipal&#8211; R\u00e8glements et arr\u00eat\u00e9s municipaux&#8211; Affaires \u00e9conomiques et politiques&#8211; Acquisitions immobili\u00e8res&#8211; Plan d&rsquo;urbanisme &hellip; <a href=\"https:\/\/atelier-bentz.fr\/?page_id=30\">Continuer la lecture <span class=\"meta-nav\">&rarr;<\/span><\/a><\/p>\n","protected":false},"author":1,"featured_media":0,"parent":0,"menu_order":0,"comment_status":"closed","ping_status":"closed","template":"","meta":[],"_links":{"self":[{"href":"https:\/\/atelier-bentz.fr\/index.php?rest_route=\/wp\/v2\/pages\/30"}],"collection":[{"href":"https:\/\/atelier-bentz.fr\/index.php?rest_route=\/wp\/v2\/pages"}],"about":[{"href":"https:\/\/atelier-bentz.fr\/index.php?rest_route=\/wp\/v2\/types\/page"}],"author":[{"embeddable":true,"href":"https:\/\/atelier-bentz.fr\/index.php?rest_route=\/wp\/v2\/users\/1"}],"replies":[{"embeddable":true,"href":"https:\/\/atelier-bentz.fr\/index.php?rest_route=%2Fwp%2Fv2%2Fcomments&post=30"}],"version-history":[{"count":9,"href":"https:\/\/atelier-bentz.fr\/index.php?rest_route=\/wp\/v2\/pages\/30\/revisions"}],"predecessor-version":[{"id":593,"href":"https:\/\/atelier-bentz.fr\/index.php?rest_route=\/wp\/v2\/pages\/30\/revisions\/593"}],"wp:attachment":[{"href":"https:\/\/atelier-bentz.fr\/index.php?rest_route=%2Fwp%2Fv2%2Fmedia&parent=30"}],"curies":[{"name":"wp","href":"https:\/\/api.w.org\/{rel}","templated":true}]}}