{"id":274,"date":"2021-01-29T17:23:33","date_gmt":"2021-01-29T16:23:33","guid":{"rendered":"http:\/\/atelier-bentz.fr\/?page_id=274"},"modified":"2025-10-16T11:14:59","modified_gmt":"2025-10-16T09:14:59","slug":"les-permanences-exterieures","status":"publish","type":"page","link":"https:\/\/atelier-bentz.fr\/?page_id=274","title":{"rendered":"Les Permanences Ext\u00e9rieures"},"content":{"rendered":"\n<p style=\"font-size:22px\"><strong>Amie du Boulonnais \/ Mission Locale :<\/strong><\/p>\n\n\n\n<figure class=\"wp-block-table\"><table><tbody><tr><td>Un lundi sur deux \u00e0<br>compter du 27 Janvier 2025 <\/td><td>9H30 \u00e0 11H30<\/td><td>Mme Bourgeois<\/td><td>03 21 30 36 22<\/td><\/tr><\/tbody><\/table><\/figure>\n\n\n\n<figure class=\"wp-block-video aligncenter\"><video controls src=\"https:\/\/atelier-bentz.fr\/wp-content\/uploads\/2025\/10\/Re\u0301el-Re\u0301seaux-sociaux-Ma-ville-lemploi-et-moi.mp4\" playsinline><\/video><\/figure>\n\n\n\n<p style=\"font-size:22px\"><strong>Assistante Sociale :<\/strong><\/p>\n\n\n\n<figure class=\"wp-block-table\"><table><tbody><tr><td>3\u00e8me Vendredi <br>de chaque mois<\/td><td>9H30 \u00e0 11H00<br>(sur rendez-vous)<\/td><td>Mme Bodard<br>Mme Humetz<br>Mme Quenu<br>Mme Thomas<br>Mme Vigetti<\/td><td>03 21 10 09 45<\/td><\/tr><\/tbody><\/table><figcaption>Ou r\u00e9sidence Manet, Boulevard de la Libert\u00e9 62360 OUTREAU <\/figcaption><\/figure>\n\n\n\n<p style=\"font-size:22px\"><strong>Conciliateur Samer :<\/strong><\/p>\n\n\n\n<figure class=\"wp-block-table\"><table class=\"has-fixed-layout\"><tbody><tr><td>1er et 3\u00e8me Vendredi<br>matin du mois<\/td><td>9H00 \u00e0 11H00<\/td><td>M. Senard<\/td><td>Tel de la mairie de Samer :<br>03 21 33 50 64<\/td><\/tr><\/tbody><\/table><\/figure>\n\n\n\n<p style=\"font-size:22px\"><strong>A&rsquo;DOM Services 62<\/strong><\/p>\n\n\n\n<figure class=\"wp-block-table\"><table><tbody><tr><td>Chaque 2\u00e8me<br>jeudi matin du mois<\/td><td>9H00 \u00e0 12H00<\/td><td>accueilsiege@adomservices62.fr<\/td><td><\/td><\/tr><\/tbody><\/table><\/figure>\n","protected":false},"excerpt":{"rendered":"<p>Amie du Boulonnais \/ Mission Locale : Un lundi sur deux \u00e0compter du 27 Janvier 2025 9H30 \u00e0 11H30 Mme Bourgeois 03 21 30 36 22 Assistante Sociale : 3\u00e8me Vendredi de chaque mois 9H30 \u00e0 11H00(sur rendez-vous) Mme BodardMme &hellip; <a href=\"https:\/\/atelier-bentz.fr\/?page_id=274\">Continuer la lecture <span class=\"meta-nav\">&rarr;<\/span><\/a><\/p>\n","protected":false},"author":1,"featured_media":0,"parent":0,"menu_order":0,"comment_status":"closed","ping_status":"closed","template":"","meta":[],"_links":{"self":[{"href":"https:\/\/atelier-bentz.fr\/index.php?rest_route=\/wp\/v2\/pages\/274"}],"collection":[{"href":"https:\/\/atelier-bentz.fr\/index.php?rest_route=\/wp\/v2\/pages"}],"about":[{"href":"https:\/\/atelier-bentz.fr\/index.php?rest_route=\/wp\/v2\/types\/page"}],"author":[{"embeddable":true,"href":"https:\/\/atelier-bentz.fr\/index.php?rest_route=\/wp\/v2\/users\/1"}],"replies":[{"embeddable":true,"href":"https:\/\/atelier-bentz.fr\/index.php?rest_route=%2Fwp%2Fv2%2Fcomments&post=274"}],"version-history":[{"count":11,"href":"https:\/\/atelier-bentz.fr\/index.php?rest_route=\/wp\/v2\/pages\/274\/revisions"}],"predecessor-version":[{"id":1801,"href":"https:\/\/atelier-bentz.fr\/index.php?rest_route=\/wp\/v2\/pages\/274\/revisions\/1801"}],"wp:attachment":[{"href":"https:\/\/atelier-bentz.fr\/index.php?rest_route=%2Fwp%2Fv2%2Fmedia&parent=274"}],"curies":[{"name":"wp","href":"https:\/\/api.w.org\/{rel}","templated":true}]}}