{"id":202,"date":"2021-02-05T15:29:15","date_gmt":"2021-02-05T14:29:15","guid":{"rendered":"http:\/\/atelier-bentz.fr\/?page_id=202"},"modified":"2021-02-05T15:37:45","modified_gmt":"2021-02-05T14:37:45","slug":"hebergements","status":"publish","type":"page","link":"https:\/\/atelier-bentz.fr\/?page_id=202","title":{"rendered":"H\u00e9bergements"},"content":{"rendered":"\n<figure class=\"wp-block-image size-large\"><img loading=\"lazy\" width=\"1024\" height=\"461\" src=\"http:\/\/atelier-bentz.fr\/wp-content\/uploads\/2021\/02\/1215-1024x461.jpg\" alt=\"\" class=\"wp-image-338\" srcset=\"https:\/\/atelier-bentz.fr\/wp-content\/uploads\/2021\/02\/1215-1024x461.jpg 1024w, https:\/\/atelier-bentz.fr\/wp-content\/uploads\/2021\/02\/1215-300x135.jpg 300w, https:\/\/atelier-bentz.fr\/wp-content\/uploads\/2021\/02\/1215-768x346.jpg 768w, https:\/\/atelier-bentz.fr\/wp-content\/uploads\/2021\/02\/1215-1536x691.jpg 1536w, https:\/\/atelier-bentz.fr\/wp-content\/uploads\/2021\/02\/1215-2048x922.jpg 2048w, https:\/\/atelier-bentz.fr\/wp-content\/uploads\/2021\/02\/1215-500x225.jpg 500w\" sizes=\"(max-width: 1024px) 100vw, 1024px\" \/><\/figure>\n\n\n\n<hr class=\"wp-block-separator has-text-color has-background has-medium-gray-background-color has-medium-gray-color is-style-wide\"\/>\n\n\n\n<p class=\"has-text-align-center\"><strong>G\u00eete le Clos du Mithode <\/strong><\/p>\n\n\n\n<p class=\"has-text-align-center\">332 Rue des Mithodes <\/p>\n\n\n\n<p class=\"has-text-align-center\">62360 HESDIN L&rsquo;ABB\u00c9 (Parc naturel r\u00e9gional des caps et marais d&rsquo;Opale) <\/p>\n\n\n\n<p class=\"has-text-align-center\">03 21 83 22 18<\/p>\n\n\n\n<hr class=\"wp-block-separator has-text-color has-background has-medium-gray-background-color has-medium-gray-color is-style-wide\"\/>\n\n\n\n<p class=\"has-text-align-center\"><strong>G\u00eete \u00ab\u00a0La Grange\u00a0\u00bb 8 personnes &#8211; Label Tourisme D\u00e9partemental<\/strong><\/p>\n\n\n\n<p class=\"has-text-align-center\">388 Rue de Tinghen <\/p>\n\n\n\n<p class=\"has-text-align-center\">62360 HESDIN-L&rsquo;ABB\u00c9<\/p>\n\n\n\n<p class=\"has-text-align-center\">06 84 58 17 89 \/ 06 18 53 98 65<\/p>\n\n\n\n<hr class=\"wp-block-separator has-text-color has-background has-medium-gray-background-color has-medium-gray-color is-style-wide\"\/>\n\n\n\n<p class=\"has-text-align-center\"><strong>L&rsquo;horizon de la c\u00f4te d&rsquo;Opale<\/strong><\/p>\n\n\n\n<p class=\"has-text-align-center\">79 Rue du Mont de Thunes <\/p>\n\n\n\n<p class=\"has-text-align-center\">62360 HESDIN-L&rsquo;ABB\u00c9 <\/p>\n\n\n\n<p class=\"has-text-align-center\">07 84 14 16 19<\/p>\n\n\n\n<hr class=\"wp-block-separator has-text-color has-background has-medium-gray-background-color has-medium-gray-color is-style-wide\"\/>\n\n\n\n<p class=\"has-text-align-center\"><strong>Le G\u00eete dans le pr\u00e9<\/strong><\/p>\n\n\n\n<p class=\"has-text-align-center\">Ferme de Morlinghen, 2630 Route Nationale <\/p>\n\n\n\n<p class=\"has-text-align-center\">62360 HESDIN L&rsquo;ABB\u00c9 <\/p>\n\n\n\n<p class=\"has-text-align-center\">06 17 22 43 81<\/p>\n\n\n\n<hr class=\"wp-block-separator has-text-color has-background has-medium-gray-background-color has-medium-gray-color is-style-wide\"\/>\n\n\n\n<p class=\"has-text-align-center\"><strong>Najeti H\u00f4tel Ch\u00e2teau Cl\u00e9ry<\/strong><\/p>\n\n\n\n<p class=\"has-text-align-center\">Rue du Ch\u00e2teau<\/p>\n\n\n\n<p class=\"has-text-align-center\">62360 HESDIN-L&rsquo;ABB\u00c9<\/p>\n\n\n\n<p class=\"has-text-align-center\">03 21 83 19 83<\/p>\n\n\n\n<hr class=\"wp-block-separator has-text-color has-background has-medium-gray-background-color has-medium-gray-color is-style-wide\"\/>\n\n\n\n<p><\/p>\n","protected":false},"excerpt":{"rendered":"<p>G\u00eete le Clos du Mithode 332 Rue des Mithodes 62360 HESDIN L&rsquo;ABB\u00c9 (Parc naturel r\u00e9gional des caps et marais d&rsquo;Opale) 03 21 83 22 18 G\u00eete \u00ab\u00a0La Grange\u00a0\u00bb 8 personnes &#8211; Label Tourisme D\u00e9partemental 388 Rue de Tinghen 62360 HESDIN-L&rsquo;ABB\u00c9 &hellip; <a href=\"https:\/\/atelier-bentz.fr\/?page_id=202\">Continuer la lecture <span class=\"meta-nav\">&rarr;<\/span><\/a><\/p>\n","protected":false},"author":1,"featured_media":0,"parent":0,"menu_order":0,"comment_status":"closed","ping_status":"closed","template":"","meta":[],"_links":{"self":[{"href":"https:\/\/atelier-bentz.fr\/index.php?rest_route=\/wp\/v2\/pages\/202"}],"collection":[{"href":"https:\/\/atelier-bentz.fr\/index.php?rest_route=\/wp\/v2\/pages"}],"about":[{"href":"https:\/\/atelier-bentz.fr\/index.php?rest_route=\/wp\/v2\/types\/page"}],"author":[{"embeddable":true,"href":"https:\/\/atelier-bentz.fr\/index.php?rest_route=\/wp\/v2\/users\/1"}],"replies":[{"embeddable":true,"href":"https:\/\/atelier-bentz.fr\/index.php?rest_route=%2Fwp%2Fv2%2Fcomments&post=202"}],"version-history":[{"count":6,"href":"https:\/\/atelier-bentz.fr\/index.php?rest_route=\/wp\/v2\/pages\/202\/revisions"}],"predecessor-version":[{"id":339,"href":"https:\/\/atelier-bentz.fr\/index.php?rest_route=\/wp\/v2\/pages\/202\/revisions\/339"}],"wp:attachment":[{"href":"https:\/\/atelier-bentz.fr\/index.php?rest_route=%2Fwp%2Fv2%2Fmedia&parent=202"}],"curies":[{"name":"wp","href":"https:\/\/api.w.org\/{rel}","templated":true}]}}