{"id":190,"date":"2021-02-01T15:04:29","date_gmt":"2021-02-01T14:04:29","guid":{"rendered":"http:\/\/atelier-bentz.fr\/?page_id=190"},"modified":"2025-01-17T10:35:37","modified_gmt":"2025-01-17T09:35:37","slug":"les-professionnels-de-sante","status":"publish","type":"page","link":"https:\/\/atelier-bentz.fr\/?page_id=190","title":{"rendered":"Les Professionnels de Sant\u00e9"},"content":{"rendered":"\n<figure class=\"wp-block-table is-style-stripes\"><table class=\"has-fixed-layout\"><thead><tr><th>nOM<\/th><th>aCTIVIT\u00c9<\/th><th>Adresse<\/th><\/tr><\/thead><tbody><tr><td>Mme Boulanger Laurence<\/td><td>Hypnoth\u00e9rapeute<\/td><td>1 All\u00e9e des Bruy\u00e8res<br>06 29 30 17 84<\/td><\/tr><tr><td>M. Cloudstone K\u00e9vin<\/td><td>Infirmier Lib\u00e9ral<\/td><td>6 All\u00e9e des Pervenches<br>03 21 10 80 51<\/td><\/tr><tr><td>M. Cr\u00e9pin Pascal<\/td><td>Infirmier Lib\u00e9ral<\/td><td>1089 Rue Noire<br>03 21 87 25 60<\/td><\/tr><tr><td>Mme et M. Dartois<\/td><td>Chirurgiens-Dentistes<\/td><td>1133 Route Nationale<br>03 21 32 14 82<\/td><\/tr><tr><td>M. Demars Yann<\/td><td>M\u00e9decin G\u00e9n\u00e9raliste<\/td><td>1083 Route Nationale<br>06 63 17 98 39<\/td><\/tr><tr><td>Mme Vermisse S\u00e9gol\u00e8ne<br>Mme Fourcard Alexandra<\/td><td>Pharmacie<\/td><td>11 All\u00e9e des Lupins<br>03 21 32 24 94<\/td><\/tr><tr><td>Mme Leroux Marie<\/td><td>Ost\u00e9opathe D.O<\/td><td>6 All\u00e9e des Pervenches<br>06 72 77 02 24<\/td><\/tr><tr><td>Mme Muselet Catherine<br>Mme Douriez C\u00e9cile<\/td><td>Infirmi\u00e8res Lib\u00e9rales<\/td><td>45 impasse de l&rsquo;\u00e9glise<br>06 89 11 02 92<\/td><\/tr><tr><td>La Catalane<\/td><td>Maison de Retraite<\/td><td>6 All\u00e9e des Mimosas<br>03 21 83 64 33<\/td><\/tr><\/tbody><\/table><\/figure>\n\n\n\n<p><\/p>\n","protected":false},"excerpt":{"rendered":"<p>nOM aCTIVIT\u00c9 Adresse Mme Boulanger Laurence Hypnoth\u00e9rapeute 1 All\u00e9e des Bruy\u00e8res06 29 30 17 84 M. Cloudstone K\u00e9vin Infirmier Lib\u00e9ral 6 All\u00e9e des Pervenches03 21 10 80 51 M. Cr\u00e9pin Pascal Infirmier Lib\u00e9ral 1089 Rue Noire03 21 87 25 60 &hellip; <a href=\"https:\/\/atelier-bentz.fr\/?page_id=190\">Continuer la lecture <span class=\"meta-nav\">&rarr;<\/span><\/a><\/p>\n","protected":false},"author":1,"featured_media":0,"parent":0,"menu_order":0,"comment_status":"closed","ping_status":"closed","template":"","meta":[],"_links":{"self":[{"href":"https:\/\/atelier-bentz.fr\/index.php?rest_route=\/wp\/v2\/pages\/190"}],"collection":[{"href":"https:\/\/atelier-bentz.fr\/index.php?rest_route=\/wp\/v2\/pages"}],"about":[{"href":"https:\/\/atelier-bentz.fr\/index.php?rest_route=\/wp\/v2\/types\/page"}],"author":[{"embeddable":true,"href":"https:\/\/atelier-bentz.fr\/index.php?rest_route=\/wp\/v2\/users\/1"}],"replies":[{"embeddable":true,"href":"https:\/\/atelier-bentz.fr\/index.php?rest_route=%2Fwp%2Fv2%2Fcomments&post=190"}],"version-history":[{"count":10,"href":"https:\/\/atelier-bentz.fr\/index.php?rest_route=\/wp\/v2\/pages\/190\/revisions"}],"predecessor-version":[{"id":1368,"href":"https:\/\/atelier-bentz.fr\/index.php?rest_route=\/wp\/v2\/pages\/190\/revisions\/1368"}],"wp:attachment":[{"href":"https:\/\/atelier-bentz.fr\/index.php?rest_route=%2Fwp%2Fv2%2Fmedia&parent=190"}],"curies":[{"name":"wp","href":"https:\/\/api.w.org\/{rel}","templated":true}]}}