{"id":1846,"date":"2025-11-19T11:52:33","date_gmt":"2025-11-19T10:52:33","guid":{"rendered":"http:\/\/atelier-bentz.fr\/?page_id=1846"},"modified":"2025-11-19T11:54:14","modified_gmt":"2025-11-19T10:54:14","slug":"compte-rendu-du-conseil-municipal-du-23-juin-2025","status":"publish","type":"page","link":"https:\/\/atelier-bentz.fr\/?page_id=1846","title":{"rendered":"Compte-rendu du Conseil Municipal du 23 Juin 2025"},"content":{"rendered":"\n<p>Pr\u00e9sents : 17<\/p>\n\n\n\n<p>Pouvoirs : 1 &#8211; Mme DUCROCQ Nad\u00e8ge \u00e0 M. DE BOCK Patrick<\/p>\n\n\n\n<p>Votants : 18<\/p>\n\n\n\n<p>Absents : 2<\/p>\n\n\n\n<p>Secr\u00e9taire de s\u00e9ance : M. MALLEVAEY Bruno<\/p>\n\n\n\n<p class=\"has-text-color\" style=\"color:#ff0000\"><strong>D\u00e9lib\u00e9rations :<\/strong><\/p>\n\n\n\n<div class=\"wp-block-buttons\"><\/div>\n\n\n\n<div class=\"wp-block-file\"><a href=\"https:\/\/atelier-bentz.fr\/wp-content\/uploads\/2025\/11\/DLB-2025-03-01-Societe-La-Charlotte-classement-ICPE-tampon.pdf\">DLB-2025-03-01-Societe-La-Charlotte-classement-ICPE-tampon<\/a><\/div>\n\n\n\n<div class=\"wp-block-file\"><a href=\"https:\/\/atelier-bentz.fr\/wp-content\/uploads\/2025\/11\/DLB-2025-03-04-Travaux-du-quotidien-2025-tampon.pdf\">DLB-2025-03-04-Travaux-du-quotidien-2025-tampon<\/a><\/div>\n\n\n\n<div class=\"wp-block-file\"><a href=\"https:\/\/atelier-bentz.fr\/wp-content\/uploads\/2025\/11\/DLB-2025-03-05-Amendes-de-Police-2025-tampon.pdf\">DLB-2025-03-05-Amendes-de-Police-2025-tampon<\/a><\/div>\n\n\n\n<div class=\"wp-block-file\"><a href=\"https:\/\/atelier-bentz.fr\/wp-content\/uploads\/2025\/11\/DLB-2025-03-06-Aide-a-la-voirie-communale-2025-tampon.pdf\">DLB-2025-03-06-Aide-a-la-voirie-communale-2025-tampon<\/a><\/div>\n","protected":false},"excerpt":{"rendered":"<p>Pr\u00e9sents : 17 Pouvoirs : 1 &#8211; Mme DUCROCQ Nad\u00e8ge \u00e0 M. DE BOCK Patrick Votants : 18 Absents : 2 Secr\u00e9taire de s\u00e9ance : M. MALLEVAEY Bruno D\u00e9lib\u00e9rations :<\/p>\n","protected":false},"author":1,"featured_media":0,"parent":0,"menu_order":0,"comment_status":"closed","ping_status":"closed","template":"","meta":[],"_links":{"self":[{"href":"https:\/\/atelier-bentz.fr\/index.php?rest_route=\/wp\/v2\/pages\/1846"}],"collection":[{"href":"https:\/\/atelier-bentz.fr\/index.php?rest_route=\/wp\/v2\/pages"}],"about":[{"href":"https:\/\/atelier-bentz.fr\/index.php?rest_route=\/wp\/v2\/types\/page"}],"author":[{"embeddable":true,"href":"https:\/\/atelier-bentz.fr\/index.php?rest_route=\/wp\/v2\/users\/1"}],"replies":[{"embeddable":true,"href":"https:\/\/atelier-bentz.fr\/index.php?rest_route=%2Fwp%2Fv2%2Fcomments&post=1846"}],"version-history":[{"count":3,"href":"https:\/\/atelier-bentz.fr\/index.php?rest_route=\/wp\/v2\/pages\/1846\/revisions"}],"predecessor-version":[{"id":1854,"href":"https:\/\/atelier-bentz.fr\/index.php?rest_route=\/wp\/v2\/pages\/1846\/revisions\/1854"}],"wp:attachment":[{"href":"https:\/\/atelier-bentz.fr\/index.php?rest_route=%2Fwp%2Fv2%2Fmedia&parent=1846"}],"curies":[{"name":"wp","href":"https:\/\/api.w.org\/{rel}","templated":true}]}}