{"id":1834,"date":"2025-11-19T11:39:11","date_gmt":"2025-11-19T10:39:11","guid":{"rendered":"http:\/\/atelier-bentz.fr\/?page_id=1834"},"modified":"2025-11-19T11:40:10","modified_gmt":"2025-11-19T10:40:10","slug":"compte-rendu-du-conseil-municipal-du-10-avril-2025","status":"publish","type":"page","link":"https:\/\/atelier-bentz.fr\/?page_id=1834","title":{"rendered":"Compte-rendu du Conseil Municipal du 10 Avril 2025"},"content":{"rendered":"\n<p>Pr\u00e9sents : 15<\/p>\n\n\n\n<p>Pouvoirs : 0<\/p>\n\n\n\n<p>Votants : 15<\/p>\n\n\n\n<p>Absents : 4<\/p>\n\n\n\n<p>Secr\u00e9taire de s\u00e9ance : M. MALLEVAEY Bruno<\/p>\n\n\n\n<p class=\"has-text-color\" style=\"color:#f30000\"><strong>D\u00e9lib\u00e9ration :<\/strong><\/p>\n\n\n\n<div class=\"wp-block-file\"><a href=\"https:\/\/atelier-bentz.fr\/wp-content\/uploads\/2025\/11\/DLB-2025-02-01-TDL-2025-tampon.pdf\">DLB-2025-02-01-TDL-2025-tampon<\/a><\/div>\n\n\n\n<div class=\"wp-block-file\"><a href=\"https:\/\/atelier-bentz.fr\/wp-content\/uploads\/2025\/11\/DLB-2025-02-02-Subvention-aux-associations-2025-tampon.pdf\">DLB-2025-02-02-Subvention-aux-associations-2025-tampon<\/a><\/div>\n\n\n\n<div class=\"wp-block-file\"><a href=\"https:\/\/atelier-bentz.fr\/wp-content\/uploads\/2025\/11\/DLB-2025-02-03-Tarifs-2025-tampon.pdf\">DLB-2025-02-03-Tarifs-2025-tampon<\/a><\/div>\n\n\n\n<div class=\"wp-block-file\"><a href=\"https:\/\/atelier-bentz.fr\/wp-content\/uploads\/2025\/11\/DLB-2025-02-04-Budget-primitif-2025-tampon.pdf\">DLB-2025-02-04-Budget-primitif-2025-tampon<\/a><a href=\"https:\/\/atelier-bentz.fr\/wp-content\/uploads\/2025\/11\/DLB-2025-02-04-Budget-primitif-2025-tampon.pdf\" class=\"wp-block-file__button\" download>T\u00e9l\u00e9charger<\/a><\/div>\n","protected":false},"excerpt":{"rendered":"<p>Pr\u00e9sents : 15 Pouvoirs : 0 Votants : 15 Absents : 4 Secr\u00e9taire de s\u00e9ance : M. MALLEVAEY Bruno D\u00e9lib\u00e9ration :<\/p>\n","protected":false},"author":1,"featured_media":0,"parent":0,"menu_order":0,"comment_status":"closed","ping_status":"closed","template":"","meta":[],"_links":{"self":[{"href":"https:\/\/atelier-bentz.fr\/index.php?rest_route=\/wp\/v2\/pages\/1834"}],"collection":[{"href":"https:\/\/atelier-bentz.fr\/index.php?rest_route=\/wp\/v2\/pages"}],"about":[{"href":"https:\/\/atelier-bentz.fr\/index.php?rest_route=\/wp\/v2\/types\/page"}],"author":[{"embeddable":true,"href":"https:\/\/atelier-bentz.fr\/index.php?rest_route=\/wp\/v2\/users\/1"}],"replies":[{"embeddable":true,"href":"https:\/\/atelier-bentz.fr\/index.php?rest_route=%2Fwp%2Fv2%2Fcomments&post=1834"}],"version-history":[{"count":3,"href":"https:\/\/atelier-bentz.fr\/index.php?rest_route=\/wp\/v2\/pages\/1834\/revisions"}],"predecessor-version":[{"id":1841,"href":"https:\/\/atelier-bentz.fr\/index.php?rest_route=\/wp\/v2\/pages\/1834\/revisions\/1841"}],"wp:attachment":[{"href":"https:\/\/atelier-bentz.fr\/index.php?rest_route=%2Fwp%2Fv2%2Fmedia&parent=1834"}],"curies":[{"name":"wp","href":"https:\/\/api.w.org\/{rel}","templated":true}]}}