{"id":1822,"date":"2025-11-19T11:05:45","date_gmt":"2025-11-19T10:05:45","guid":{"rendered":"http:\/\/atelier-bentz.fr\/?page_id=1822"},"modified":"2025-11-19T11:29:24","modified_gmt":"2025-11-19T10:29:24","slug":"compte-rendu-du-conseil-municipal-du-17-mars-2025","status":"publish","type":"page","link":"https:\/\/atelier-bentz.fr\/?page_id=1822","title":{"rendered":"Compte-rendu du Conseil Municipal du 17 Mars 2025"},"content":{"rendered":"\n<p>Pr\u00e9sents : 12<\/p>\n\n\n\n<p>Pouvoirs : 0<\/p>\n\n\n\n<p>Votants : 12<\/p>\n\n\n\n<p>Absents : 7<\/p>\n\n\n\n<p>Secr\u00e9taire de s\u00e9ance : M. MALLEVAEY Bruno<\/p>\n\n\n\n<p class=\"has-text-color\" style=\"color:#e91818\"><strong>D\u00e9lib\u00e9rations :<\/strong><\/p>\n\n\n\n<div class=\"wp-block-file\"><a href=\"https:\/\/atelier-bentz.fr\/wp-content\/uploads\/2025\/11\/DLB-2025-01-01-Affectation-des-resultats-2024-tampon.pdf\">DLB-2025-01-01-Affectation-des-resultats-2024-tampon<\/a><\/div>\n\n\n\n<div class=\"wp-block-file\"><a href=\"https:\/\/atelier-bentz.fr\/wp-content\/uploads\/2025\/11\/DLB-2025-01-02-Revision-du-plan-de-financement-renovation-energetique-tampon.pdf\">DLB-2025-01-02-Revision-du-plan-de-financement-renovation-energetique-tampon<\/a><\/div>\n\n\n\n<div class=\"wp-block-file\"><a href=\"https:\/\/atelier-bentz.fr\/wp-content\/uploads\/2025\/11\/DLB-2025-01-04-Loyer-logement-ecole-tampon.pdf\">DLB-2025-01-04-Loyer-logement-ecole-tampon<\/a><\/div>\n","protected":false},"excerpt":{"rendered":"<p>Pr\u00e9sents : 12 Pouvoirs : 0 Votants : 12 Absents : 7 Secr\u00e9taire de s\u00e9ance : M. MALLEVAEY Bruno D\u00e9lib\u00e9rations :<\/p>\n","protected":false},"author":1,"featured_media":0,"parent":0,"menu_order":0,"comment_status":"closed","ping_status":"closed","template":"","meta":[],"_links":{"self":[{"href":"https:\/\/atelier-bentz.fr\/index.php?rest_route=\/wp\/v2\/pages\/1822"}],"collection":[{"href":"https:\/\/atelier-bentz.fr\/index.php?rest_route=\/wp\/v2\/pages"}],"about":[{"href":"https:\/\/atelier-bentz.fr\/index.php?rest_route=\/wp\/v2\/types\/page"}],"author":[{"embeddable":true,"href":"https:\/\/atelier-bentz.fr\/index.php?rest_route=\/wp\/v2\/users\/1"}],"replies":[{"embeddable":true,"href":"https:\/\/atelier-bentz.fr\/index.php?rest_route=%2Fwp%2Fv2%2Fcomments&post=1822"}],"version-history":[{"count":6,"href":"https:\/\/atelier-bentz.fr\/index.php?rest_route=\/wp\/v2\/pages\/1822\/revisions"}],"predecessor-version":[{"id":1831,"href":"https:\/\/atelier-bentz.fr\/index.php?rest_route=\/wp\/v2\/pages\/1822\/revisions\/1831"}],"wp:attachment":[{"href":"https:\/\/atelier-bentz.fr\/index.php?rest_route=%2Fwp%2Fv2%2Fmedia&parent=1822"}],"curies":[{"name":"wp","href":"https:\/\/api.w.org\/{rel}","templated":true}]}}