{"id":182,"date":"2021-01-27T14:03:12","date_gmt":"2021-01-27T13:03:12","guid":{"rendered":"http:\/\/atelier-bentz.fr\/?page_id=182"},"modified":"2025-06-25T09:11:06","modified_gmt":"2025-06-25T07:11:06","slug":"bibliotheque","status":"publish","type":"page","link":"https:\/\/atelier-bentz.fr\/?page_id=182","title":{"rendered":"Biblioth\u00e8que"},"content":{"rendered":"\n<p style=\"font-size:19px\"><strong>Les horaires des permanences :<\/strong><\/p>\n\n\n\n<hr class=\"wp-block-separator is-style-wide\"\/>\n\n\n\n<figure class=\"wp-block-table\"><table><thead><tr><th><strong>Jour<\/strong><\/th><th class=\"has-text-align-center\" data-align=\"center\"><strong>Matin<\/strong><\/th><th class=\"has-text-align-center\" data-align=\"center\"><strong>apr\u00e8s-midi<\/strong><\/th><\/tr><\/thead><tbody><tr><td><strong>Lundi<\/strong><\/td><td class=\"has-text-align-center\" data-align=\"center\">&#8211;<\/td><td class=\"has-text-align-center\" data-align=\"center\">&#8211;<\/td><\/tr><tr><td><strong>Mardi<\/strong><\/td><td class=\"has-text-align-center\" data-align=\"center\">&#8211;<\/td><td class=\"has-text-align-center\" data-align=\"center\">17h00 \u00e0 18h30<\/td><\/tr><tr><td><strong>Mercredi<\/strong><\/td><td class=\"has-text-align-center\" data-align=\"center\">10h00 \u00e0 12h00<\/td><td class=\"has-text-align-center\" data-align=\"center\">14h00 \u00e0 16h30<\/td><\/tr><tr><td><strong>Jeudi<\/strong><\/td><td class=\"has-text-align-center\" data-align=\"center\">&#8211;<\/td><td class=\"has-text-align-center\" data-align=\"center\">&#8211;<\/td><\/tr><tr><td><strong>Vendredi<\/strong><\/td><td class=\"has-text-align-center\" data-align=\"center\">&#8211;<\/td><td class=\"has-text-align-center\" data-align=\"center\">&#8211;<\/td><\/tr><tr><td><strong>Samedi<\/strong><\/td><td class=\"has-text-align-center\" data-align=\"center\">10h00 \u00e0 12h00<\/td><td class=\"has-text-align-center\" data-align=\"center\">&#8211;<\/td><\/tr><tr><td><strong>Dimanche<\/strong><\/td><td class=\"has-text-align-center\" data-align=\"center\">&#8211;<\/td><td class=\"has-text-align-center\" data-align=\"center\">&#8211;<\/td><\/tr><\/tbody><\/table><\/figure>\n\n\n\n<p class=\"has-normal-font-size\">\u26a0\ufe0f <strong>En Juillet et Ao\u00fbt la biblioth\u00e8que est ouverte&nbsp;:<br>le Mercredi matin de 10h00 \u00e0 12h00.<\/strong><\/p>\n\n\n\n<p style=\"font-size:19px\"><strong>Pour vous inscrire il vous faut :<\/strong><\/p>\n\n\n\n<p class=\"has-normal-font-size\">&nbsp;&#8211; Pr\u00e9senter une pi\u00e8ce d&rsquo;identit\u00e9 et un justificatif de domicile.<\/p>\n\n\n\n<p class=\"has-text-align-center\" style=\"font-size:18px\"><strong>La Biblioth\u00e8que est <em>gratuite<\/em> pour toutes et tous depuis <\/strong><\/p>\n\n\n\n<p class=\"has-text-align-center\" style=\"font-size:18px\"><strong>le 1er Janvier 2025.<\/strong><\/p>\n\n\n\n<div class=\"wp-block-columns are-vertically-aligned-bottom\">\n<div class=\"wp-block-column is-vertically-aligned-center\" style=\"flex-basis:100%\">\n<div class=\"wp-block-image is-style-default\"><figure class=\"aligncenter size-large is-resized\"><img loading=\"lazy\" src=\"http:\/\/atelier-bentz.fr\/wp-content\/uploads\/2021\/01\/bibliotheque3.jpg\" alt=\"\" class=\"wp-image-216\" width=\"499\" height=\"306\" srcset=\"https:\/\/atelier-bentz.fr\/wp-content\/uploads\/2021\/01\/bibliotheque3.jpg 590w, https:\/\/atelier-bentz.fr\/wp-content\/uploads\/2021\/01\/bibliotheque3-300x184.jpg 300w, https:\/\/atelier-bentz.fr\/wp-content\/uploads\/2021\/01\/bibliotheque3-490x300.jpg 490w\" sizes=\"(max-width: 499px) 100vw, 499px\" \/><\/figure><\/div>\n<\/div>\n<\/div>\n\n\n\n<p class=\"has-normal-font-size\">Ouverte au public depuis le mois de Juin 1999, la nouvelle biblioth\u00e8que municipale a \u00e9t\u00e9 inaugur\u00e9e le 26 septembre. Situ\u00e9e au centre du village, elle est \u00e0 pr\u00e9sent plus accessible \u00e0 l&rsquo;ensemble des habitants d&rsquo;Hesdin l&rsquo;Abb\u00e9.<\/p>\n\n\n\n<p class=\"has-normal-font-size\">Spacieuse, ses 185 m2 se divisent en deux grands espaces : le c\u00f4t\u00e9 \u00ab\u00a0enfant\u00a0\u00bb aux murs bleus, le c\u00f4t\u00e9 \u00ab\u00a0adulte\u00a0\u00bb aux murs jaunes. Au centre, la banque de pr\u00eat o\u00f9 vous accueillent les b\u00e9n\u00e9voles.<\/p>\n\n\n\n<p class=\"has-normal-font-size\">La biblioth\u00e8que dispose d&rsquo;un grand nombre d&rsquo;ouvrages en tous genres, vous trouverez donc forcement un livre \u00e0 votre go\u00fbt !<\/p>\n\n\n\n<hr class=\"wp-block-separator has-text-color has-background has-black-background-color has-black-color is-style-wide\"\/>\n\n\n\n<p><em>Adresse <\/em>: 285, rue du Mont de Thunes<br><em>T\u00e9l\u00e9phone <\/em>: 03 21 87 04 27<\/p>\n","protected":false},"excerpt":{"rendered":"<p>Les horaires des permanences : Jour Matin apr\u00e8s-midi Lundi &#8211; &#8211; Mardi &#8211; 17h00 \u00e0 18h30 Mercredi 10h00 \u00e0 12h00 14h00 \u00e0 16h30 Jeudi &#8211; &#8211; Vendredi &#8211; &#8211; Samedi 10h00 \u00e0 12h00 &#8211; Dimanche &#8211; &#8211; \u26a0\ufe0f En Juillet &hellip; <a href=\"https:\/\/atelier-bentz.fr\/?page_id=182\">Continuer la lecture <span class=\"meta-nav\">&rarr;<\/span><\/a><\/p>\n","protected":false},"author":1,"featured_media":0,"parent":0,"menu_order":0,"comment_status":"closed","ping_status":"closed","template":"","meta":[],"_links":{"self":[{"href":"https:\/\/atelier-bentz.fr\/index.php?rest_route=\/wp\/v2\/pages\/182"}],"collection":[{"href":"https:\/\/atelier-bentz.fr\/index.php?rest_route=\/wp\/v2\/pages"}],"about":[{"href":"https:\/\/atelier-bentz.fr\/index.php?rest_route=\/wp\/v2\/types\/page"}],"author":[{"embeddable":true,"href":"https:\/\/atelier-bentz.fr\/index.php?rest_route=\/wp\/v2\/users\/1"}],"replies":[{"embeddable":true,"href":"https:\/\/atelier-bentz.fr\/index.php?rest_route=%2Fwp%2Fv2%2Fcomments&post=182"}],"version-history":[{"count":12,"href":"https:\/\/atelier-bentz.fr\/index.php?rest_route=\/wp\/v2\/pages\/182\/revisions"}],"predecessor-version":[{"id":1686,"href":"https:\/\/atelier-bentz.fr\/index.php?rest_route=\/wp\/v2\/pages\/182\/revisions\/1686"}],"wp:attachment":[{"href":"https:\/\/atelier-bentz.fr\/index.php?rest_route=%2Fwp%2Fv2%2Fmedia&parent=182"}],"curies":[{"name":"wp","href":"https:\/\/api.w.org\/{rel}","templated":true}]}}