{"id":180,"date":"2021-02-04T17:22:53","date_gmt":"2021-02-04T16:22:53","guid":{"rendered":"http:\/\/atelier-bentz.fr\/?page_id=180"},"modified":"2025-08-18T11:36:56","modified_gmt":"2025-08-18T09:36:56","slug":"associations-et-clubs","status":"publish","type":"page","link":"https:\/\/atelier-bentz.fr\/?page_id=180","title":{"rendered":"Associations et Clubs"},"content":{"rendered":"\n<hr class=\"wp-block-separator has-text-color has-background has-medium-gray-background-color has-medium-gray-color is-style-wide\"\/>\n\n\n\n<p><strong>Arabesque<\/strong><\/p>\n\n\n\n<p>Mme TINTILLIER Sylvie &#8211; 3 All\u00e9e des Mimosas, 62360 Hesdin l&rsquo;Abb\u00e9 &#8211; 03 21 83 23 06 <\/p>\n\n\n\n<hr class=\"wp-block-separator has-text-color has-background has-medium-gray-background-color has-medium-gray-color is-style-wide\"\/>\n\n\n\n<p><strong>Club des A\u00een\u00e9s<\/strong><\/p>\n\n\n\n<p>Mme CHOCHOY Th\u00e9r\u00e8se &#8211; 12 All\u00e9e des Pivoines, 62360 Hesdin l&rsquo;Abb\u00e9 &#8211; 06 63 21 28 68<\/p>\n\n\n\n<hr class=\"wp-block-separator has-text-color has-background has-medium-gray-background-color has-medium-gray-color is-style-wide\"\/>\n\n\n\n<p><strong>U.S.H.L Football<\/strong><\/p>\n\n\n\n<p>M. PAQUENTIN Herv\u00e9 &#8211; 71 Rue des Mithodes, 62360 Hesdin l&rsquo;Abb\u00e9 &#8211; 06 64 21 70 19<\/p>\n\n\n\n<hr class=\"wp-block-separator has-text-color has-background has-medium-gray-background-color has-medium-gray-color is-style-wide\"\/>\n\n\n\n<p><strong>Loisirs Danses<\/strong><\/p>\n\n\n\n<p>Mme TIENNERY Brigitte &#8211; 125 Rue Jules Ferry, 62280 Saint Martin Boulogne <\/p>\n\n\n\n<hr class=\"wp-block-separator has-text-color has-background has-medium-gray-background-color has-medium-gray-color is-style-wide\"\/>\n\n\n\n<p><strong>Petit Pas d&rsquo;Orient<\/strong><\/p>\n\n\n\n<p>Mme SARAZIN Karine &#8211; 975 Rue de Tinghen, 62360 Hesdin l&rsquo;Abb\u00e9 &#8211; 06 68 28 21 76<\/p>\n\n\n\n<hr class=\"wp-block-separator has-text-color has-background has-medium-gray-background-color has-medium-gray-color is-style-wide\"\/>\n\n\n\n<p><strong>UNACITA et ses<\/strong> <strong>Portes Drapeaux<\/strong><\/p>\n\n\n\n<p>M. DEMONT Jean-Claude<\/p>\n\n\n\n<hr class=\"wp-block-separator has-text-color has-background has-medium-gray-background-color has-medium-gray-color is-style-wide\"\/>\n\n\n\n<p><strong>Fitness<\/strong><\/p>\n\n\n\n<p>Mme DELSART Cathie<\/p>\n\n\n\n<hr class=\"wp-block-separator has-text-color has-background has-medium-gray-background-color has-medium-gray-color is-style-wide\"\/>\n\n\n\n<p><strong>Yoga<\/strong><\/p>\n\n\n\n<p>Mme PASQUIER Michelle<\/p>\n\n\n\n<hr class=\"wp-block-separator has-text-color has-background has-medium-gray-background-color has-medium-gray-color is-style-wide\"\/>\n\n\n\n<p><strong>Amicale du<\/strong> <strong>Personnel Communal<\/strong><\/p>\n\n\n\n<p>M. PETIT Yannick &#8211; 303 Rue du Mont de Thunes, 62360 Hesdin l&rsquo;Abb\u00e9 &#8211; 03 21 83 57 82<\/p>\n\n\n\n<hr class=\"wp-block-separator has-text-color has-background has-medium-gray-background-color has-medium-gray-color is-style-wide\"\/>\n\n\n\n<p><strong>Commit\u00e9 des f\u00eates<\/strong><\/p>\n\n\n\n<p>M. DE BOCK Patrick &#8211; 137, impasse de Tinghen, 62360 Hesdin l&rsquo;Abb\u00e9<\/p>\n\n\n\n<hr class=\"wp-block-separator has-text-color has-background has-medium-gray-background-color has-medium-gray-color is-style-wide\"\/>\n\n\n\n<p><strong>Les P&rsquo;tits Potins<\/strong><\/p>\n\n\n\n<p>M. COLIN Bernard &#8211; 21 All\u00e9e des Courlis, 62360 Hesdin l&rsquo;Abb\u00e9 &#8211; 03 21 83 64 51<\/p>\n\n\n\n<hr class=\"wp-block-separator has-text-color has-background has-medium-gray-background-color has-medium-gray-color is-style-wide\"\/>\n\n\n\n<p><strong>USHL Badminton<\/strong><\/p>\n\n\n\n<p>M. CHOCRY Fran\u00e7ois &#8211; 06 76 82 12 26<\/p>\n\n\n\n<hr class=\"wp-block-separator has-text-color has-background has-medium-gray-background-color has-medium-gray-color is-style-wide\"\/>\n\n\n\n<p><strong>Les Tok\u00e9s d&rsquo;Opale<\/strong><\/p>\n\n\n\n<p>M. MALLEVAEY Bruno &#8211; 490 Rue du Mont de Thunes, 62360 Hesdin l&rsquo;Abb\u00e9 &#8211; 06 37 17 44 96<\/p>\n\n\n\n<hr class=\"wp-block-separator has-text-color has-background has-medium-gray-background-color has-medium-gray-color is-style-wide\"\/>\n\n\n\n<div class=\"wp-block-group\"><div class=\"wp-block-group__inner-container\">\n<p><strong>Atelier G\u00e9n\u00e9alogie<\/strong><\/p>\n<\/div><\/div>\n\n\n\n<p>M. et Mme MUYS &#8211; 12, All\u00e9e des Avocettes, 62360 Hesdin l&rsquo;Abb\u00e9 &#8211; 06 61 17 60 22<\/p>\n\n\n\n<hr class=\"wp-block-separator has-text-color has-background has-medium-gray-background-color has-medium-gray-color is-style-wide\"\/>\n\n\n\n<p><strong>Asso Coup d&rsquo;Pouce<\/strong><\/p>\n\n\n\n<p>Mme BOUCHEZ Ang\u00e9lique &#8211; 43, All\u00e9e des Marmottes, 62360 Hesdin l&rsquo;Abb\u00e9 &#8211; 06 72 64 75 66 <\/p>\n","protected":false},"excerpt":{"rendered":"<p>Arabesque Mme TINTILLIER Sylvie &#8211; 3 All\u00e9e des Mimosas, 62360 Hesdin l&rsquo;Abb\u00e9 &#8211; 03 21 83 23 06 Club des A\u00een\u00e9s Mme CHOCHOY Th\u00e9r\u00e8se &#8211; 12 All\u00e9e des Pivoines, 62360 Hesdin l&rsquo;Abb\u00e9 &#8211; 06 63 21 28 68 U.S.H.L Football &hellip; <a href=\"https:\/\/atelier-bentz.fr\/?page_id=180\">Continuer la lecture <span class=\"meta-nav\">&rarr;<\/span><\/a><\/p>\n","protected":false},"author":1,"featured_media":0,"parent":0,"menu_order":0,"comment_status":"closed","ping_status":"closed","template":"","meta":[],"_links":{"self":[{"href":"https:\/\/atelier-bentz.fr\/index.php?rest_route=\/wp\/v2\/pages\/180"}],"collection":[{"href":"https:\/\/atelier-bentz.fr\/index.php?rest_route=\/wp\/v2\/pages"}],"about":[{"href":"https:\/\/atelier-bentz.fr\/index.php?rest_route=\/wp\/v2\/types\/page"}],"author":[{"embeddable":true,"href":"https:\/\/atelier-bentz.fr\/index.php?rest_route=\/wp\/v2\/users\/1"}],"replies":[{"embeddable":true,"href":"https:\/\/atelier-bentz.fr\/index.php?rest_route=%2Fwp%2Fv2%2Fcomments&post=180"}],"version-history":[{"count":29,"href":"https:\/\/atelier-bentz.fr\/index.php?rest_route=\/wp\/v2\/pages\/180\/revisions"}],"predecessor-version":[{"id":1729,"href":"https:\/\/atelier-bentz.fr\/index.php?rest_route=\/wp\/v2\/pages\/180\/revisions\/1729"}],"wp:attachment":[{"href":"https:\/\/atelier-bentz.fr\/index.php?rest_route=%2Fwp%2Fv2%2Fmedia&parent=180"}],"curies":[{"name":"wp","href":"https:\/\/api.w.org\/{rel}","templated":true}]}}