{"id":178,"date":"2021-02-05T14:06:15","date_gmt":"2021-02-05T13:06:15","guid":{"rendered":"http:\/\/atelier-bentz.fr\/?page_id=178"},"modified":"2025-09-01T10:42:20","modified_gmt":"2025-09-01T08:42:20","slug":"centre-de-loisir","status":"publish","type":"page","link":"https:\/\/atelier-bentz.fr\/?page_id=178","title":{"rendered":"Centre de Loisirs"},"content":{"rendered":"\n<div class=\"wp-block-image\"><figure class=\"aligncenter size-large is-resized\"><img loading=\"lazy\" src=\"https:\/\/atelier-bentz.fr\/wp-content\/uploads\/2025\/09\/19198477-1024x683.jpg\" alt=\"\" class=\"wp-image-1739\" width=\"461\" height=\"310\"\/><\/figure><\/div>\n\n\n\n<p style=\"font-size:18px\"><strong>Les inscriptions au centre de loisir s&rsquo;effectuent directement en Mairie.<\/strong><\/p>\n\n\n\n<p>Le centre de loisirs accueille les enfants \u00e0 partir de l\u2019\u00e2ge de 4 ans.<\/p>\n\n\n\n<p><strong><u>Tarifs \u00e0 la semaine&nbsp;:<\/u><\/strong><\/p>\n\n\n\n<figure class=\"wp-block-table is-style-stripes\"><table><tbody><tr><td>&nbsp;<\/td><td>Tarif 1 enfant<\/td><td>A partir du 2<sup>\u00e8me<\/sup> enfant<\/td><\/tr><tr><td>B\u00e9n\u00e9ficiaire de l\u2019ATL<\/td><td>5,00 \u20ac<\/td><td>5,00 \u20ac<\/td><\/tr><tr><td>De la commune<\/td><td>21,00 \u20ac<\/td><td>15,00 \u20ac<\/td><\/tr><tr><td>Ext\u00e9rieur \u00e0 la commune<\/td><td>37,00 \u20ac<\/td><td>25,00 \u20ac<\/td><\/tr><\/tbody><\/table><\/figure>\n\n\n\n<p>Un Groupe Facebook&nbsp;ouvert uniquement aux parents, est actif afin de suivre toutes les actualit\u00e9s : <em>Les infos du centre<\/em><\/p>\n\n\n\n<p><strong>Horaires du centre de loisirs&nbsp;: <\/strong>9h \u2013 12h&nbsp;; 14h \u2013 17h<\/p>\n\n\n\n<p><\/p>\n\n\n\n<p class=\"has-normal-font-size\">Quant \u00e0 la garderie et la cantine durant le centre de loisir, les inscriptions se d\u00e9roulent via la plateforme eTicket. Cliquez ci-dessous pour vous connecter :<\/p>\n\n\n\n<div class=\"wp-block-buttons aligncenter\">\n<div class=\"wp-block-button\"><a class=\"wp-block-button__link has-luminous-vivid-amber-to-luminous-vivid-orange-gradient-background has-background\" href=\"https:\/\/www.eticket.qiis.fr\/connexion-au-portail-famille\/\" style=\"border-radius:18px\" target=\"_blank\" rel=\"noreferrer noopener\">Se Connecter<\/a><\/div>\n<\/div>\n\n\n\n<hr class=\"wp-block-separator\"\/>\n\n\n\n<p><\/p>\n","protected":false},"excerpt":{"rendered":"<p>Les inscriptions au centre de loisir s&rsquo;effectuent directement en Mairie. Le centre de loisirs accueille les enfants \u00e0 partir de l\u2019\u00e2ge de 4 ans. Tarifs \u00e0 la semaine&nbsp;: &nbsp; Tarif 1 enfant A partir du 2\u00e8me enfant B\u00e9n\u00e9ficiaire de l\u2019ATL &hellip; <a href=\"https:\/\/atelier-bentz.fr\/?page_id=178\">Continuer la lecture <span class=\"meta-nav\">&rarr;<\/span><\/a><\/p>\n","protected":false},"author":1,"featured_media":0,"parent":0,"menu_order":0,"comment_status":"closed","ping_status":"closed","template":"","meta":[],"_links":{"self":[{"href":"https:\/\/atelier-bentz.fr\/index.php?rest_route=\/wp\/v2\/pages\/178"}],"collection":[{"href":"https:\/\/atelier-bentz.fr\/index.php?rest_route=\/wp\/v2\/pages"}],"about":[{"href":"https:\/\/atelier-bentz.fr\/index.php?rest_route=\/wp\/v2\/types\/page"}],"author":[{"embeddable":true,"href":"https:\/\/atelier-bentz.fr\/index.php?rest_route=\/wp\/v2\/users\/1"}],"replies":[{"embeddable":true,"href":"https:\/\/atelier-bentz.fr\/index.php?rest_route=%2Fwp%2Fv2%2Fcomments&post=178"}],"version-history":[{"count":19,"href":"https:\/\/atelier-bentz.fr\/index.php?rest_route=\/wp\/v2\/pages\/178\/revisions"}],"predecessor-version":[{"id":1740,"href":"https:\/\/atelier-bentz.fr\/index.php?rest_route=\/wp\/v2\/pages\/178\/revisions\/1740"}],"wp:attachment":[{"href":"https:\/\/atelier-bentz.fr\/index.php?rest_route=%2Fwp%2Fv2%2Fmedia&parent=178"}],"curies":[{"name":"wp","href":"https:\/\/api.w.org\/{rel}","templated":true}]}}