{"id":1465,"date":"2025-02-17T11:51:41","date_gmt":"2025-02-17T10:51:41","guid":{"rendered":"http:\/\/atelier-bentz.fr\/?page_id=1465"},"modified":"2025-02-17T12:01:42","modified_gmt":"2025-02-17T11:01:42","slug":"compte-rendu-du-conseil-municipal-du-16-decembre-2024","status":"publish","type":"page","link":"https:\/\/atelier-bentz.fr\/?page_id=1465","title":{"rendered":"Compte-rendu du Conseil Municipal du 16 D\u00e9cembre 2024"},"content":{"rendered":"\n<p>Pr\u00e9sents : 18<\/p>\n\n\n\n<p>Pouvoir : 0<\/p>\n\n\n\n<p>Votants : 18<\/p>\n\n\n\n<p>Absents : 1<\/p>\n\n\n\n<p>Secr\u00e9taire de s\u00e9ance : M. Bruno MALLEVAEY<\/p>\n\n\n\n<p class=\"has-text-color\" style=\"color:#ff0004\"><strong>D\u00e9lib\u00e9rations :<\/strong><\/p>\n\n\n\n<div class=\"wp-block-file\"><a href=\"https:\/\/atelier-bentz.fr\/wp-content\/uploads\/2025\/02\/DLB-2024-05-02-Prise-en-charge-des-depenses-dinvestissement-tampon.pdf\">DLB-2024-05-02-Prise-en-charge-des-depenses-dinvestissement<\/a><\/div>\n\n\n\n<div class=\"wp-block-file\"><a href=\"https:\/\/atelier-bentz.fr\/wp-content\/uploads\/2025\/02\/DLB-2024-05-04-Dispositif-de-signalement-tampon.pdf\">DLB-2024-05-04-Dispositif-de-signalement<\/a><\/div>\n\n\n\n<div class=\"wp-block-file\"><a href=\"https:\/\/atelier-bentz.fr\/wp-content\/uploads\/2025\/02\/DLB-2024-05-05-Sante-MNT-tampon.pdf\">DLB-2024-05-05-Sante-MNT<\/a><\/div>\n\n\n\n<div class=\"wp-block-file\"><a href=\"https:\/\/atelier-bentz.fr\/wp-content\/uploads\/2025\/02\/DLB-2024-05-06-Assurance-statutaire-CDG-tampon.pdf\">DLB-2024-05-06-Assurance-statutaire-CDG<\/a><\/div>\n\n\n\n<div class=\"wp-block-file\"><a href=\"https:\/\/atelier-bentz.fr\/wp-content\/uploads\/2025\/02\/DLB-2024-05-07-Modif-plan-de-financement-renovation-energetique-des-ecoles_tampon.pdf\">DLB-2024-05-07-Modif-plan-de-financement-renovation-energetique-des-ecoles<\/a><\/div>\n","protected":false},"excerpt":{"rendered":"<p>Pr\u00e9sents : 18 Pouvoir : 0 Votants : 18 Absents : 1 Secr\u00e9taire de s\u00e9ance : M. Bruno MALLEVAEY D\u00e9lib\u00e9rations :<\/p>\n","protected":false},"author":1,"featured_media":0,"parent":0,"menu_order":0,"comment_status":"closed","ping_status":"closed","template":"","meta":[],"_links":{"self":[{"href":"https:\/\/atelier-bentz.fr\/index.php?rest_route=\/wp\/v2\/pages\/1465"}],"collection":[{"href":"https:\/\/atelier-bentz.fr\/index.php?rest_route=\/wp\/v2\/pages"}],"about":[{"href":"https:\/\/atelier-bentz.fr\/index.php?rest_route=\/wp\/v2\/types\/page"}],"author":[{"embeddable":true,"href":"https:\/\/atelier-bentz.fr\/index.php?rest_route=\/wp\/v2\/users\/1"}],"replies":[{"embeddable":true,"href":"https:\/\/atelier-bentz.fr\/index.php?rest_route=%2Fwp%2Fv2%2Fcomments&post=1465"}],"version-history":[{"count":3,"href":"https:\/\/atelier-bentz.fr\/index.php?rest_route=\/wp\/v2\/pages\/1465\/revisions"}],"predecessor-version":[{"id":1481,"href":"https:\/\/atelier-bentz.fr\/index.php?rest_route=\/wp\/v2\/pages\/1465\/revisions\/1481"}],"wp:attachment":[{"href":"https:\/\/atelier-bentz.fr\/index.php?rest_route=%2Fwp%2Fv2%2Fmedia&parent=1465"}],"curies":[{"name":"wp","href":"https:\/\/api.w.org\/{rel}","templated":true}]}}