{"id":1462,"date":"2025-02-17T11:50:40","date_gmt":"2025-02-17T10:50:40","guid":{"rendered":"http:\/\/atelier-bentz.fr\/?page_id=1462"},"modified":"2025-02-17T11:57:31","modified_gmt":"2025-02-17T10:57:31","slug":"compte-rendu-du-conseil-municipal-du-14-octobre-2024","status":"publish","type":"page","link":"https:\/\/atelier-bentz.fr\/?page_id=1462","title":{"rendered":"Compte-rendu du Conseil Municipal du 14 Octobre 2024"},"content":{"rendered":"\n<p>Pr\u00e9sents : 17<\/p>\n\n\n\n<p>Pouvoirs : 0<\/p>\n\n\n\n<p>Votants : 17<\/p>\n\n\n\n<p>Absents : 2<\/p>\n\n\n\n<p>Secr\u00e9taire de s\u00e9ance : M. Bruno MALLEVAEY<\/p>\n\n\n\n<p class=\"has-text-color\" style=\"color:#ff0004\"><strong>D\u00e9lib\u00e9rations :<\/strong><\/p>\n\n\n\n<div class=\"wp-block-file\"><a href=\"https:\/\/atelier-bentz.fr\/wp-content\/uploads\/2025\/02\/DLB-2024-04-01-Amortissement-subvention-dequipement-tampon.pdf\">DLB-2024-04-01-Amortissement-subvention-dequipement<\/a><\/div>\n\n\n\n<div class=\"wp-block-file\"><a href=\"https:\/\/atelier-bentz.fr\/wp-content\/uploads\/2025\/02\/DLB-2024-04-02-Medecine-preventive-tampon.pdf\">DLB-2024-04-02-Medecine-preventive<\/a><\/div>\n","protected":false},"excerpt":{"rendered":"<p>Pr\u00e9sents : 17 Pouvoirs : 0 Votants : 17 Absents : 2 Secr\u00e9taire de s\u00e9ance : M. Bruno MALLEVAEY D\u00e9lib\u00e9rations :<\/p>\n","protected":false},"author":1,"featured_media":0,"parent":0,"menu_order":0,"comment_status":"closed","ping_status":"closed","template":"","meta":[],"_links":{"self":[{"href":"https:\/\/atelier-bentz.fr\/index.php?rest_route=\/wp\/v2\/pages\/1462"}],"collection":[{"href":"https:\/\/atelier-bentz.fr\/index.php?rest_route=\/wp\/v2\/pages"}],"about":[{"href":"https:\/\/atelier-bentz.fr\/index.php?rest_route=\/wp\/v2\/types\/page"}],"author":[{"embeddable":true,"href":"https:\/\/atelier-bentz.fr\/index.php?rest_route=\/wp\/v2\/users\/1"}],"replies":[{"embeddable":true,"href":"https:\/\/atelier-bentz.fr\/index.php?rest_route=%2Fwp%2Fv2%2Fcomments&post=1462"}],"version-history":[{"count":5,"href":"https:\/\/atelier-bentz.fr\/index.php?rest_route=\/wp\/v2\/pages\/1462\/revisions"}],"predecessor-version":[{"id":1473,"href":"https:\/\/atelier-bentz.fr\/index.php?rest_route=\/wp\/v2\/pages\/1462\/revisions\/1473"}],"wp:attachment":[{"href":"https:\/\/atelier-bentz.fr\/index.php?rest_route=%2Fwp%2Fv2%2Fmedia&parent=1462"}],"curies":[{"name":"wp","href":"https:\/\/api.w.org\/{rel}","templated":true}]}}