{"id":1447,"date":"2025-02-17T11:31:32","date_gmt":"2025-02-17T10:31:32","guid":{"rendered":"http:\/\/atelier-bentz.fr\/?page_id=1447"},"modified":"2025-02-17T11:46:23","modified_gmt":"2025-02-17T10:46:23","slug":"compte-rendu-du-conseil-municipal-du-12-juillet-2024","status":"publish","type":"page","link":"https:\/\/atelier-bentz.fr\/?page_id=1447","title":{"rendered":"Compte-rendu du Conseil Municipal du 12 Juillet 2024"},"content":{"rendered":"\n<p>Pr\u00e9sents : 13<\/p>\n\n\n\n<p>Pouvoirs : 1 &#8211; Mme Marie-France DIDRY \u00e0 M. Dominique TREUNET<\/p>\n\n\n\n<p>Votants : 14<\/p>\n\n\n\n<p>Absents : 6<\/p>\n\n\n\n<p>Secr\u00e9taire de s\u00e9ance : M. Bruno MALLEVAEY<\/p>\n\n\n\n<p class=\"has-text-color\" style=\"color:#fc0004\"><strong>D\u00e9lib\u00e9rations :<\/strong><\/p>\n\n\n\n<div class=\"wp-block-file\"><a href=\"https:\/\/atelier-bentz.fr\/wp-content\/uploads\/2025\/02\/DLB-2024-03-01-Decision-modificative-n\u00b01-tampon.pdf\">DLB-2024-03-01-Decision-modificative-n\u00b01<\/a><\/div>\n\n\n\n<div class=\"wp-block-file\"><a href=\"https:\/\/atelier-bentz.fr\/wp-content\/uploads\/2025\/02\/DLB-2024-03-04-Loyer-logement-ecole-tampon.pdf\">DLB-2024-03-04-Loyer-logement-ecole<\/a><\/div>\n\n\n\n<div class=\"wp-block-file\"><a href=\"https:\/\/atelier-bentz.fr\/wp-content\/uploads\/2025\/02\/DLB-2024-03-05-Convention-Helicea-tampon.pdf\">DLB-2024-03-05-Convention-Helicea<\/a><\/div>\n\n\n\n<div class=\"wp-block-file\"><a href=\"https:\/\/atelier-bentz.fr\/wp-content\/uploads\/2025\/02\/DLB-2024-03-06-Subvention-Aide-a-la-voirie-communale-tampon.pdf\">DLB-2024-03-06-Subvention-Aide-a-la-voirie-communale<\/a><\/div>\n\n\n\n<p><\/p>\n","protected":false},"excerpt":{"rendered":"<p>Pr\u00e9sents : 13 Pouvoirs : 1 &#8211; Mme Marie-France DIDRY \u00e0 M. Dominique TREUNET Votants : 14 Absents : 6 Secr\u00e9taire de s\u00e9ance : M. Bruno MALLEVAEY D\u00e9lib\u00e9rations :<\/p>\n","protected":false},"author":1,"featured_media":0,"parent":0,"menu_order":0,"comment_status":"closed","ping_status":"closed","template":"","meta":[],"_links":{"self":[{"href":"https:\/\/atelier-bentz.fr\/index.php?rest_route=\/wp\/v2\/pages\/1447"}],"collection":[{"href":"https:\/\/atelier-bentz.fr\/index.php?rest_route=\/wp\/v2\/pages"}],"about":[{"href":"https:\/\/atelier-bentz.fr\/index.php?rest_route=\/wp\/v2\/types\/page"}],"author":[{"embeddable":true,"href":"https:\/\/atelier-bentz.fr\/index.php?rest_route=\/wp\/v2\/users\/1"}],"replies":[{"embeddable":true,"href":"https:\/\/atelier-bentz.fr\/index.php?rest_route=%2Fwp%2Fv2%2Fcomments&post=1447"}],"version-history":[{"count":4,"href":"https:\/\/atelier-bentz.fr\/index.php?rest_route=\/wp\/v2\/pages\/1447\/revisions"}],"predecessor-version":[{"id":1459,"href":"https:\/\/atelier-bentz.fr\/index.php?rest_route=\/wp\/v2\/pages\/1447\/revisions\/1459"}],"wp:attachment":[{"href":"https:\/\/atelier-bentz.fr\/index.php?rest_route=%2Fwp%2Fv2%2Fmedia&parent=1447"}],"curies":[{"name":"wp","href":"https:\/\/api.w.org\/{rel}","templated":true}]}}