{"id":1430,"date":"2025-02-17T11:09:51","date_gmt":"2025-02-17T10:09:51","guid":{"rendered":"http:\/\/atelier-bentz.fr\/?page_id=1430"},"modified":"2025-02-17T11:39:33","modified_gmt":"2025-02-17T10:39:33","slug":"compte-rendu-du-conseil-municipal-du-11-avril-2024","status":"publish","type":"page","link":"https:\/\/atelier-bentz.fr\/?page_id=1430","title":{"rendered":"Compte-rendu du Conseil Municipal du 11 Avril 2024"},"content":{"rendered":"\n<p>Pr\u00e9sents : 14<\/p>\n\n\n\n<p>Pouvoirs : 1 &#8211; Mme Marie-France DIDRY \u00e0 M. Dominique DESCAMPS<\/p>\n\n\n\n<p>Votants : 15<\/p>\n\n\n\n<p>Absents : 5<\/p>\n\n\n\n<p>Secr\u00e9taire de s\u00e9ance : M. Bruno MALLEVAEY<\/p>\n\n\n\n<p class=\"has-text-color\" style=\"color:#ff0004\"><strong>D\u00e9lib\u00e9rations :<\/strong><\/p>\n\n\n\n<div class=\"wp-block-file\"><a href=\"https:\/\/atelier-bentz.fr\/wp-content\/uploads\/2025\/02\/DLB-2024-02-01-TDL-2024-tampon.pdf\">DLB-2024-02-01-TDL-2024<\/a><\/div>\n\n\n\n<div class=\"wp-block-file\"><a href=\"https:\/\/atelier-bentz.fr\/wp-content\/uploads\/2025\/02\/DLB-2024-02-02-Subvention-aux-associations-2024-tampon.pdf\">DLB-2024-02-02-Subvention-aux-associations-2024<\/a><\/div>\n\n\n\n<div class=\"wp-block-file\"><a href=\"https:\/\/atelier-bentz.fr\/wp-content\/uploads\/2025\/02\/DLB-2024-02-03-Tarifs-2024-tampon.pdf\">DLB-2024-02-03-Tarifs-2024<\/a><\/div>\n\n\n\n<div class=\"wp-block-file\"><a href=\"https:\/\/atelier-bentz.fr\/wp-content\/uploads\/2025\/02\/DLB-2024-02-04-Budget-primitif-2024-tampon.pdf\">DLB-2024-02-04-Budget-primitif-2024<\/a><\/div>\n\n\n\n<div class=\"wp-block-file\"><a href=\"https:\/\/atelier-bentz.fr\/wp-content\/uploads\/2025\/02\/DLB-2024-02-05-Subventions-inondations-2024-tampon.pdf\">DLB-2024-02-05-Subventions-inondations-2024<\/a><\/div>\n\n\n\n<div class=\"wp-block-file\"><a href=\"https:\/\/atelier-bentz.fr\/wp-content\/uploads\/2025\/02\/DLB-2024-02-06-Subvention-eclairage-public-tampon.pdf\">DLB-2024-02-06-Subvention-eclairage-public<\/a><\/div>\n\n\n\n<div class=\"wp-block-file\"><a href=\"https:\/\/atelier-bentz.fr\/wp-content\/uploads\/2025\/02\/DLB-2024-02-07-Travaux-du-quotidien_signe.pdf\">DLB-2024-02-07-Travaux-du-quotidien<\/a><\/div>\n\n\n\n<p><\/p>\n","protected":false},"excerpt":{"rendered":"<p>Pr\u00e9sents : 14 Pouvoirs : 1 &#8211; Mme Marie-France DIDRY \u00e0 M. Dominique DESCAMPS Votants : 15 Absents : 5 Secr\u00e9taire de s\u00e9ance : M. Bruno MALLEVAEY D\u00e9lib\u00e9rations :<\/p>\n","protected":false},"author":1,"featured_media":0,"parent":0,"menu_order":0,"comment_status":"closed","ping_status":"closed","template":"","meta":[],"_links":{"self":[{"href":"https:\/\/atelier-bentz.fr\/index.php?rest_route=\/wp\/v2\/pages\/1430"}],"collection":[{"href":"https:\/\/atelier-bentz.fr\/index.php?rest_route=\/wp\/v2\/pages"}],"about":[{"href":"https:\/\/atelier-bentz.fr\/index.php?rest_route=\/wp\/v2\/types\/page"}],"author":[{"embeddable":true,"href":"https:\/\/atelier-bentz.fr\/index.php?rest_route=\/wp\/v2\/users\/1"}],"replies":[{"embeddable":true,"href":"https:\/\/atelier-bentz.fr\/index.php?rest_route=%2Fwp%2Fv2%2Fcomments&post=1430"}],"version-history":[{"count":5,"href":"https:\/\/atelier-bentz.fr\/index.php?rest_route=\/wp\/v2\/pages\/1430\/revisions"}],"predecessor-version":[{"id":1452,"href":"https:\/\/atelier-bentz.fr\/index.php?rest_route=\/wp\/v2\/pages\/1430\/revisions\/1452"}],"wp:attachment":[{"href":"https:\/\/atelier-bentz.fr\/index.php?rest_route=%2Fwp%2Fv2%2Fmedia&parent=1430"}],"curies":[{"name":"wp","href":"https:\/\/api.w.org\/{rel}","templated":true}]}}