{"id":1416,"date":"2025-02-17T10:44:11","date_gmt":"2025-02-17T09:44:11","guid":{"rendered":"http:\/\/atelier-bentz.fr\/?page_id=1416"},"modified":"2025-02-17T11:40:15","modified_gmt":"2025-02-17T10:40:15","slug":"compte-rendu-du-conseil-municipal-du-21-mars-2024","status":"publish","type":"page","link":"https:\/\/atelier-bentz.fr\/?page_id=1416","title":{"rendered":"Compte-rendu du Conseil Municipal du 21 Mars 2024"},"content":{"rendered":"\n<p>Pr\u00e9sents : 16<\/p>\n\n\n\n<p>Pouvoir : 0<\/p>\n\n\n\n<p>Votants : 16<\/p>\n\n\n\n<p>Absents : 3<\/p>\n\n\n\n<p>Secr\u00e9taire de s\u00e9ance : M. Bruno MALLEVAEY<\/p>\n\n\n\n<p class=\"has-text-color\" style=\"color:#ff0105\"><strong>D\u00e9lib\u00e9rations :<\/strong><\/p>\n\n\n\n<div class=\"wp-block-file\"><a href=\"https:\/\/atelier-bentz.fr\/wp-content\/uploads\/2025\/02\/DLB-2024-01-01-Affectation-des-resultats-tampon.pdf\">DLB-2024-01-01-Affectation-des-resultats<\/a><\/div>\n\n\n\n<div class=\"wp-block-file\"><a href=\"https:\/\/atelier-bentz.fr\/wp-content\/uploads\/2025\/02\/DLB-2024-01-02-Loi-APER-tampon.pdf\">DLB-2024-01-02-Loi-APER<\/a><\/div>\n\n\n\n<div class=\"wp-block-file\"><a href=\"https:\/\/atelier-bentz.fr\/wp-content\/uploads\/2025\/02\/DLB-2024-01-03-Referent-deontologue_signe.pdf\">DLB-2024-01-03-Referent-deontologue<\/a><\/div>\n\n\n\n<div class=\"wp-block-file\"><a href=\"https:\/\/atelier-bentz.fr\/wp-content\/uploads\/2025\/02\/DLB-2024-01-04-Prime-pouvoir-dachat-tampon.pdf\">DLB-2024-01-04-Prime-pouvoir-dachat<\/a><\/div>\n\n\n\n<div class=\"wp-block-file\"><a href=\"https:\/\/atelier-bentz.fr\/wp-content\/uploads\/2025\/02\/DLB-2024-01-05-Tableau-des-effectifs-tampon.pdf\">DLB-2024-01-05-Tableau-des-effectifs<\/a><\/div>\n\n\n\n<p><\/p>\n","protected":false},"excerpt":{"rendered":"<p>Pr\u00e9sents : 16 Pouvoir : 0 Votants : 16 Absents : 3 Secr\u00e9taire de s\u00e9ance : M. Bruno MALLEVAEY D\u00e9lib\u00e9rations :<\/p>\n","protected":false},"author":1,"featured_media":0,"parent":0,"menu_order":0,"comment_status":"closed","ping_status":"closed","template":"","meta":[],"_links":{"self":[{"href":"https:\/\/atelier-bentz.fr\/index.php?rest_route=\/wp\/v2\/pages\/1416"}],"collection":[{"href":"https:\/\/atelier-bentz.fr\/index.php?rest_route=\/wp\/v2\/pages"}],"about":[{"href":"https:\/\/atelier-bentz.fr\/index.php?rest_route=\/wp\/v2\/types\/page"}],"author":[{"embeddable":true,"href":"https:\/\/atelier-bentz.fr\/index.php?rest_route=\/wp\/v2\/users\/1"}],"replies":[{"embeddable":true,"href":"https:\/\/atelier-bentz.fr\/index.php?rest_route=%2Fwp%2Fv2%2Fcomments&post=1416"}],"version-history":[{"count":6,"href":"https:\/\/atelier-bentz.fr\/index.php?rest_route=\/wp\/v2\/pages\/1416\/revisions"}],"predecessor-version":[{"id":1453,"href":"https:\/\/atelier-bentz.fr\/index.php?rest_route=\/wp\/v2\/pages\/1416\/revisions\/1453"}],"wp:attachment":[{"href":"https:\/\/atelier-bentz.fr\/index.php?rest_route=%2Fwp%2Fv2%2Fmedia&parent=1416"}],"curies":[{"name":"wp","href":"https:\/\/api.w.org\/{rel}","templated":true}]}}